{"id":132,"date":"2013-11-28T17:34:07","date_gmt":"2013-11-28T16:34:07","guid":{"rendered":"http:\/\/lucidaturamarmiberton.it\/?page_id=132"},"modified":"2013-12-10T22:22:10","modified_gmt":"2013-12-10T21:22:10","slug":"come-lavoriamo-2","status":"publish","type":"page","link":"https:\/\/lucidaturamarmiberton.it\/?page_id=132","title":{"rendered":"Come lavoriamo"},"content":{"rendered":"<p style=\"text-align: justify;\">Il nostro lavoro di levigatura e lucidatura dei marmi in genere si svolge tramite un&#8217;accurata stuccatura a base di resine e mastici colorati in grado di coprire e sistemare crepe e buchi, successivamente procediamo con la levigatura del pavimento tramite l&#8217;utilizzo di mole diamantate ad acqua ed una successiva lucidatura ottenuta con le nuove tecniche di reazione chimica con l&#8217;utilizzo di una speciale polvere lucidante; completiamo il tutto applicando un velo di prodotto protettivo finale. Le nostre tecniche di lavoro ci permettono di lavorare senza sporcare muri ed in certi casi anche i mobili che non si possono spostare e le dosi di acqua utilizzate sono veramente ridotte e subito raccolte tramite aspiratori. Una cosa molto importante \u00e8 che una volta finito il nostro lavoro, si pu\u00f2 subito procedere all&#8217;utilizzo dell&#8217;area trattata, dicendo addio all&#8217;utilizzo periodico di cere! Per quanto riguarda i lavori di levigatura di laterizi, pietre, cotti, cementi e per l&#8217;eliminazione di collanti, vengono levigati tramite potenti diamanti ad acqua o a secco, in base al lavoro da eseguirsi, in grado di levigare anche le superfici pi\u00f9 difficili con la possibilit\u00e0 di poter scegliere il livello di ruvidiut\u00e0 della superficie levigata. Eseguiamo lavori di: levigatura e lucidatura di pavimenti in marmo, paladiane, seminati alla veneziana, graniglia, levigatura di pavimenti in laterizi vari, pietre, cotto, cementi; di piastrelle o cementi; sistemazione di soglie in marmo come davanzali o gradini; lucidatura e levigatura gradini in marmo.<\/p>\n<p style=\"text-align: justify;\">L&#8217;azienda si propone per negozi e locali in genere nei quali si hanno zone di grande calpestio e quindi di un veloce degrado del pavimento un programma di manutenzione che vi da l&#8217;opportunit\u00e0 di avere un pavimento sempre lucido, riducendo al minimo i costi d&#8217;intervento. Il nostro obiettivo \u00e8 quello di fare in modo che i pavimenti da noi lavorati diano il massimo della resa con i medodi di lavorazione migliori e pi\u00f9 adatti a seconda del materiale in vostro possesso che solo la nostra competenza ed esperienza nel campo pu\u00f2 dare!<\/p>\n","protected":false},"excerpt":{"rendered":"<p>Il nostro lavoro di levigatura e lucidatura dei marmi in genere si svolge tramite un&#8217;accurata stuccatura a base di resine e mastici colorati in grado di coprire e sistemare crepe e buchi, successivamente procediamo con la levigatura del pavimento tramite l&#8217;utilizzo di mole diamantate ad acqua ed una successiva lucidatura\u2026 <a class=\"continue-reading-link\" href=\"https:\/\/lucidaturamarmiberton.it\/?page_id=132\">Leggi<\/a><\/p>\n","protected":false},"author":1,"featured_media":0,"parent":0,"menu_order":0,"comment_status":"closed","ping_status":"closed","template":"","meta":{"ngg_post_thumbnail":0},"_links":{"self":[{"href":"https:\/\/lucidaturamarmiberton.it\/index.php?rest_route=\/wp\/v2\/pages\/132"}],"collection":[{"href":"https:\/\/lucidaturamarmiberton.it\/index.php?rest_route=\/wp\/v2\/pages"}],"about":[{"href":"https:\/\/lucidaturamarmiberton.it\/index.php?rest_route=\/wp\/v2\/types\/page"}],"author":[{"embeddable":true,"href":"https:\/\/lucidaturamarmiberton.it\/index.php?rest_route=\/wp\/v2\/users\/1"}],"replies":[{"embeddable":true,"href":"https:\/\/lucidaturamarmiberton.it\/index.php?rest_route=%2Fwp%2Fv2%2Fcomments&post=132"}],"version-history":[{"count":5,"href":"https:\/\/lucidaturamarmiberton.it\/index.php?rest_route=\/wp\/v2\/pages\/132\/revisions"}],"predecessor-version":[{"id":577,"href":"https:\/\/lucidaturamarmiberton.it\/index.php?rest_route=\/wp\/v2\/pages\/132\/revisions\/577"}],"wp:attachment":[{"href":"https:\/\/lucidaturamarmiberton.it\/index.php?rest_route=%2Fwp%2Fv2%2Fmedia&parent=132"}],"curies":[{"name":"wp","href":"https:\/\/api.w.org\/{rel}","templated":true}]}}